{"id":3551,"date":"2025-12-18T12:39:53","date_gmt":"2025-12-18T12:39:53","guid":{"rendered":"http:\/\/fst.univ-djelfa.dz\/s\/?page_id=3551"},"modified":"2025-12-20T08:52:51","modified_gmt":"2025-12-20T08:52:51","slug":"%d9%85%d8%ad%d8%a7%d8%b6%d8%b1%d8%a7%d8%aa-%d9%88-%d9%85%d8%b7%d8%a8%d9%88%d8%b9%d8%a7%d8%aa-%d8%a8%d9%8a%d8%af%d8%a7%d8%ba%d9%88%d8%ac%d9%8a%d8%a9","status":"publish","type":"page","link":"http:\/\/fst.univ-djelfa.dz\/s\/?page_id=3551","title":{"rendered":"\u0645\u0637\u0628\u0648\u0639\u0627\u062a \u0628\u064a\u062f\u0627\u063a\u0648\u062c\u064a\u0629"},"content":{"rendered":"\n<p>You will find the course materials in the table below. Please click on the course title to download it in PDF format<\/p>\n\n\n\n<p>Vous trouverez les supports de cours dans le tableau ci-dessous. Veuillez cliquer sur l\u2019intitul\u00e9 du cours pour le t\u00e9l\u00e9charger au format PDF.<\/p>\n\n\n\n<figure class=\"wp-block-table\"><table><tbody><tr><td class=\"has-text-align-center\" data-align=\"center\"><strong>observations<\/strong><\/td><td class=\"has-text-align-center\" data-align=\"center\"><strong>Niveau <\/strong><\/td><td class=\"has-text-align-center\" data-align=\"center\"><strong>Auteur <\/strong><\/td><td class=\"has-text-align-center\" data-align=\"center\"><strong><strong>Lien (Support de cours)<\/strong><\/strong><\/td><\/tr><tr><td class=\"has-text-align-center\" data-align=\"center\"><\/td><td class=\"has-text-align-center\" data-align=\"center\">&#8211;<\/td><td class=\"has-text-align-center\" data-align=\"center\">Dr. Abdelhalim RABEH<\/td><td class=\"has-text-align-center\" data-align=\"center\"><a href=\"http:\/\/fst.univ-djelfa.dz\/s\/wp-content\/uploads\/2025\/12\/cours-communication-numerique_compressed.pdf\" target=\"_blank\" rel=\"noreferrer noopener\">COMMUNICATION NUMERIQUE<\/a><\/td><\/tr><tr><td class=\"has-text-align-center\" data-align=\"center\"><\/td><td class=\"has-text-align-center\" data-align=\"center\"><\/td><td class=\"has-text-align-center\" data-align=\"center\">Dr. MEHALLEL Elhadi<\/td><td class=\"has-text-align-center\" data-align=\"center\"><a href=\"http:\/\/fst.univ-djelfa.dz\/s\/wp-content\/uploads\/2025\/12\/Polycopie_Traitement-Avance-du-Signal_Mehallel_VFinal_compressed_compressed.pdf\" target=\"_blank\" rel=\"noreferrer noopener\">Traitement Avanc\u00e9 de Signal<\/a><\/td><\/tr><tr><td class=\"has-text-align-center\" data-align=\"center\"><\/td><td class=\"has-text-align-center\" data-align=\"center\"><\/td><td class=\"has-text-align-center\" data-align=\"center\"><\/td><td class=\"has-text-align-center\" data-align=\"center\"><\/td><\/tr><tr><td class=\"has-text-align-center\" data-align=\"center\"><\/td><td class=\"has-text-align-center\" data-align=\"center\"><\/td><td class=\"has-text-align-center\" data-align=\"center\"><\/td><td class=\"has-text-align-center\" data-align=\"center\"><\/td><\/tr><tr><td class=\"has-text-align-center\" data-align=\"center\"><\/td><td class=\"has-text-align-center\" data-align=\"center\"><\/td><td class=\"has-text-align-center\" data-align=\"center\"><\/td><td class=\"has-text-align-center\" data-align=\"center\"><\/td><\/tr><tr><td class=\"has-text-align-center\" data-align=\"center\"><\/td><td class=\"has-text-align-center\" data-align=\"center\"><\/td><td class=\"has-text-align-center\" data-align=\"center\"><\/td><td class=\"has-text-align-center\" data-align=\"center\"><\/td><\/tr><tr><td class=\"has-text-align-center\" data-align=\"center\"><\/td><td class=\"has-text-align-center\" data-align=\"center\"><\/td><td class=\"has-text-align-center\" data-align=\"center\"><\/td><td class=\"has-text-align-center\" data-align=\"center\"><\/td><\/tr><tr><td class=\"has-text-align-center\" data-align=\"center\"><\/td><td class=\"has-text-align-center\" data-align=\"center\"><\/td><td class=\"has-text-align-center\" data-align=\"center\"><\/td><td class=\"has-text-align-center\" data-align=\"center\"><\/td><\/tr><tr><td class=\"has-text-align-center\" data-align=\"center\"><\/td><td class=\"has-text-align-center\" data-align=\"center\"><\/td><td class=\"has-text-align-center\" data-align=\"center\"><\/td><td class=\"has-text-align-center\" data-align=\"center\"><\/td><\/tr><tr><td class=\"has-text-align-center\" data-align=\"center\"><\/td><td class=\"has-text-align-center\" data-align=\"center\"><\/td><td class=\"has-text-align-center\" data-align=\"center\"><\/td><td class=\"has-text-align-center\" data-align=\"center\"><\/td><\/tr><tr><td class=\"has-text-align-center\" data-align=\"center\"><\/td><td class=\"has-text-align-center\" data-align=\"center\"><\/td><td class=\"has-text-align-center\" data-align=\"center\"><\/td><td class=\"has-text-align-center\" data-align=\"center\"><\/td><\/tr><tr><td class=\"has-text-align-center\" data-align=\"center\"><\/td><td class=\"has-text-align-center\" data-align=\"center\"><\/td><td class=\"has-text-align-center\" data-align=\"center\"><\/td><td class=\"has-text-align-center\" data-align=\"center\"><\/td><\/tr><tr><td class=\"has-text-align-center\" data-align=\"center\"><\/td><td class=\"has-text-align-center\" data-align=\"center\"><\/td><td class=\"has-text-align-center\" data-align=\"center\"><\/td><td class=\"has-text-align-center\" data-align=\"center\"><\/td><\/tr><tr><td class=\"has-text-align-center\" data-align=\"center\"><\/td><td class=\"has-text-align-center\" data-align=\"center\"><\/td><td class=\"has-text-align-center\" data-align=\"center\"><\/td><td class=\"has-text-align-center\" data-align=\"center\"><\/td><\/tr><tr><td class=\"has-text-align-center\" data-align=\"center\"><\/td><td class=\"has-text-align-center\" data-align=\"center\"><\/td><td class=\"has-text-align-center\" data-align=\"center\"><\/td><td class=\"has-text-align-center\" data-align=\"center\"><\/td><\/tr><tr><td class=\"has-text-align-center\" data-align=\"center\"><\/td><td class=\"has-text-align-center\" data-align=\"center\"><\/td><td class=\"has-text-align-center\" data-align=\"center\"><\/td><td class=\"has-text-align-center\" data-align=\"center\"><\/td><\/tr><tr><td class=\"has-text-align-center\" data-align=\"center\"><\/td><td class=\"has-text-align-center\" data-align=\"center\"><\/td><td class=\"has-text-align-center\" data-align=\"center\"><\/td><td class=\"has-text-align-center\" data-align=\"center\"><\/td><\/tr><tr><td class=\"has-text-align-center\" data-align=\"center\"><\/td><td class=\"has-text-align-center\" data-align=\"center\"><\/td><td class=\"has-text-align-center\" data-align=\"center\"><\/td><td class=\"has-text-align-center\" data-align=\"center\"><\/td><\/tr><tr><td class=\"has-text-align-center\" data-align=\"center\"><\/td><td class=\"has-text-align-center\" data-align=\"center\"><\/td><td class=\"has-text-align-center\" data-align=\"center\"><\/td><td class=\"has-text-align-center\" data-align=\"center\"><\/td><\/tr><\/tbody><\/table><\/figure>\n","protected":false},"excerpt":{"rendered":"<p>You will find the course materials in the table below. Please click on the course title to download it in PDF format Vous trouverez les supports de cours dans le tableau ci-dessous. Veuillez cliquer sur l\u2019intitul\u00e9 du cours pour le t\u00e9l\u00e9charger au format PDF. observations Niveau Auteur Lien (Support de cours) &#8211; Dr. Abdelhalim RABEH &hellip;<\/p>\n<p class=\"read-more\"> <a class=\"\" href=\"http:\/\/fst.univ-djelfa.dz\/s\/?page_id=3551\"> <span class=\"screen-reader-text\">\u0645\u0637\u0628\u0648\u0639\u0627\u062a \u0628\u064a\u062f\u0627\u063a\u0648\u062c\u064a\u0629<\/span> \u0642\u0631\u0627\u0621\u0629 \u0627\u0644\u0645\u0632\u064a\u062f &raquo;<\/a><\/p>\n","protected":false},"author":1,"featured_media":3555,"parent":0,"menu_order":0,"comment_status":"closed","ping_status":"closed","template":"","meta":{"site-sidebar-layout":"default","site-content-layout":"default","ast-global-header-display":"","ast-main-header-display":"","ast-hfb-above-header-display":"","ast-hfb-below-header-display":"","ast-hfb-mobile-header-display":"","site-post-title":"","ast-breadcrumbs-content":"","ast-featured-img":"","footer-sml-layout":"","theme-transparent-header-meta":"","adv-header-id-meta":"","stick-header-meta":"","header-above-stick-meta":"","header-main-stick-meta":"","header-below-stick-meta":""},"_links":{"self":[{"href":"http:\/\/fst.univ-djelfa.dz\/s\/index.php?rest_route=\/wp\/v2\/pages\/3551"}],"collection":[{"href":"http:\/\/fst.univ-djelfa.dz\/s\/index.php?rest_route=\/wp\/v2\/pages"}],"about":[{"href":"http:\/\/fst.univ-djelfa.dz\/s\/index.php?rest_route=\/wp\/v2\/types\/page"}],"author":[{"embeddable":true,"href":"http:\/\/fst.univ-djelfa.dz\/s\/index.php?rest_route=\/wp\/v2\/users\/1"}],"replies":[{"embeddable":true,"href":"http:\/\/fst.univ-djelfa.dz\/s\/index.php?rest_route=%2Fwp%2Fv2%2Fcomments&post=3551"}],"version-history":[{"count":3,"href":"http:\/\/fst.univ-djelfa.dz\/s\/index.php?rest_route=\/wp\/v2\/pages\/3551\/revisions"}],"predecessor-version":[{"id":3560,"href":"http:\/\/fst.univ-djelfa.dz\/s\/index.php?rest_route=\/wp\/v2\/pages\/3551\/revisions\/3560"}],"wp:featuredmedia":[{"embeddable":true,"href":"http:\/\/fst.univ-djelfa.dz\/s\/index.php?rest_route=\/wp\/v2\/media\/3555"}],"wp:attachment":[{"href":"http:\/\/fst.univ-djelfa.dz\/s\/index.php?rest_route=%2Fwp%2Fv2%2Fmedia&parent=3551"}],"curies":[{"name":"wp","href":"https:\/\/api.w.org\/{rel}","templated":true}]}}