{"id":3430,"date":"2022-11-06T10:14:00","date_gmt":"2022-11-06T10:14:00","guid":{"rendered":"http:\/\/fst.univ-djelfa.dz\/s\/?page_id=3430"},"modified":"2025-11-06T10:43:13","modified_gmt":"2025-11-06T10:43:13","slug":"%d9%85%d8%ae%d8%a7%d8%a8%d8%b1-%d8%a7%d9%84%d8%a8%d8%ad%d8%ab-%d8%a7%d9%84%d8%b9%d9%84%d9%85%d9%8a","status":"publish","type":"page","link":"http:\/\/fst.univ-djelfa.dz\/s\/?page_id=3430","title":{"rendered":"\u0645\u062e\u0627\u0628\u0631 \u0627\u0644\u0628\u062d\u062b"},"content":{"rendered":"\n<p><\/p>\n\n\n\n<div class=\"wp-container-1 wp-block-buttons\">\n<div class=\"wp-block-button\"><a class=\"wp-block-button__link\"><strong>Laboratoire d&#8217;Excellenced\u2019Automatique Appliqu\u00e9e et Diagnostic Industriel LAADI<\/strong><\/a><\/div>\n<\/div>\n\n\n\n<p>Research &#8211; Development &#8211; Innovation &#8211; Research To Industry R2I<\/p>\n\n\n\n<p><strong>Accueil<\/strong><strong><\/strong><\/p>\n\n\n\n<p class=\"has-text-align-left\"><strong>L\u2019objectif<\/strong>&nbsp;principal des travaux de recherche du Laboratoire d\u2019Automatique Appliqu\u00e9e et Diagnostic Industriel LAADI est le d\u00e9veloppement et la validation de nouvelles techniques dites intelligentes pour l\u2019am\u00e9lioration des syst\u00e8mes de commande et de diagnostic dans les processus industriels complexes. La mission du Laboratoire d\u2019Automatique Appliqu\u00e9e et Diagnostic Industriel LAADI est d\u2019apporter des solutions, aux probl\u00e8mes rencontr\u00e9s pour les syst\u00e8mes industriels de type p\u00e9troli\u00e8re, m\u00e9caniques, \u00e9lectriques ou hybrides, en se basant essentiellement sur des techniques issues du domaine de l\u2019intelligence artificielle.<\/p>\n\n\n\n<p class=\"has-text-align-left\"><strong>Il s\u2019agit donc d\u2019un programme pluridisciplinaire de recherche ayant une finalit\u00e9 scientifique et industrielle et couvre l\u2019ensemble des recherches relatives \u00e0 l\u2019Automatique Industrielle et le Diagnostic des Syst\u00e8mes. <\/strong><strong><\/strong><\/p>\n\n\n\n<p class=\"has-text-align-left\">Les activit\u00e9s de recherche du Laboratoire d\u2019Automatique Appliqu\u00e9e et Diagnostic Industriel LAADI, sont organis\u00e9es en six \u00e9quipes :<\/p>\n\n\n\n<p class=\"has-text-align-left\"><strong>Equipe 1 : Diagnostic des Syst\u00e8mes Industriels &nbsp;(DSI), <\/strong><\/p>\n\n\n\n<p class=\"has-text-align-left\"><strong>Equipe 2 : Mod\u00e9lisation, Identification et Commande des Syst\u00e8mes (MICSC),<\/strong><\/p>\n\n\n\n<p class=\"has-text-align-left\"><strong>Equipe 3: Signal et Syst\u00e8mes Embarqu\u00e9s (SSE),<\/strong><\/p>\n\n\n\n<p class=\"has-text-align-left\"><strong>Equipe 4 : Fiabilit\u00e9 en Instrumentation Industrielles &nbsp;(FII),<\/strong><\/p>\n\n\n\n<p class=\"has-text-align-left\"><strong>Equipe 5 : Electronique de Puissance et Qualit\u00e9 d\u2019Energie Electrique EPQEE,<\/strong><\/p>\n\n\n\n<p class=\"has-text-align-left\"><strong>Equipe 6 : \u00c9nergie Durables et Environnements EDE.<\/strong><\/p>\n\n\n\n<p class=\"has-text-align-left\">Egalement, le Laboratoire d\u2019Automatique Appliqu\u00e9e et Diagnostic Industriel LAADI publi\u00e9 deux journaux internationaux, sous forme des s\u00e9ries scientifiques de sciences appliqu\u00e9es sur l&#8217;Automatique et le Diagnostics Industriel, ces s\u00e9ries sont \u00e9dit\u00e9es par le membres de laboratoire, pour le but d\u2019augmenter la publication d\u2019ouvrages universitaires, individuels et collectifs, pour suivre l&#8217;actualit\u00e9 scientifique des questions et des r\u00e9sultats de la recherche internationale ou comparative &nbsp;sur l\u2019Automatique Appliqu\u00e9e et Diagnostic Industriel:<\/p>\n\n\n\n<p class=\"has-text-align-left\"><strong>The International Journal of Applied Automation and Industrial Diagnostics IJAAID<\/strong><\/p>\n\n\n\n<p class=\"has-text-align-left\"><strong>The International Journal on Advanced Electrical Engineering IJAEE<\/strong><\/p>\n\n\n\n<p class=\"has-text-align-left\">Aussi, le Laboratoire d\u2019Automatique Appliqu\u00e9e et Diagnostic Industriel LAADI organise p\u00e9riodiquement deux manifestations scientifiques mobiles \u00e0 l&#8217;\u00e9chelle internationale:<\/p>\n\n\n\n<p class=\"has-text-align-left\"><strong>Conf\u00e9rence Internationale sur l&#8217;Automatique Appliqu\u00e9e et le Diagnostics Industriels ICAAID <\/strong><\/p>\n\n\n\n<p class=\"has-text-align-left\"><strong>Conf\u00e9rence Internationale sur l&#8217;Electronique de Puissance et leurs Applications, ICPEA<\/strong><\/p>\n\n\n\n<p class=\"has-text-align-center\"><strong>Organigramme<\/strong><\/p>\n\n\n\n<p><\/p>\n\n\n\n<figure class=\"wp-block-image size-full\"><img loading=\"lazy\" width=\"608\" height=\"433\" src=\"http:\/\/fst.univ-djelfa.dz\/s\/wp-content\/uploads\/2025\/11\/image-1.png\" alt=\"\" class=\"wp-image-3446\" srcset=\"http:\/\/fst.univ-djelfa.dz\/s\/wp-content\/uploads\/2025\/11\/image-1.png 608w, http:\/\/fst.univ-djelfa.dz\/s\/wp-content\/uploads\/2025\/11\/image-1-300x214.png 300w\" sizes=\"(max-width: 608px) 100vw, 608px\" \/><\/figure>\n\n\n\n<figure class=\"wp-block-image size-full\"><img loading=\"lazy\" width=\"445\" height=\"314\" src=\"http:\/\/fst.univ-djelfa.dz\/s\/wp-content\/uploads\/2025\/11\/image-3.png\" alt=\"\" class=\"wp-image-3448\" srcset=\"http:\/\/fst.univ-djelfa.dz\/s\/wp-content\/uploads\/2025\/11\/image-3.png 445w, http:\/\/fst.univ-djelfa.dz\/s\/wp-content\/uploads\/2025\/11\/image-3-300x212.png 300w\" sizes=\"(max-width: 445px) 100vw, 445px\" \/><\/figure>\n\n\n\n<figure class=\"wp-block-image size-full\"><img loading=\"lazy\" width=\"363\" height=\"328\" src=\"http:\/\/fst.univ-djelfa.dz\/s\/wp-content\/uploads\/2025\/11\/image-4.png\" alt=\"\" class=\"wp-image-3449\" srcset=\"http:\/\/fst.univ-djelfa.dz\/s\/wp-content\/uploads\/2025\/11\/image-4.png 363w, http:\/\/fst.univ-djelfa.dz\/s\/wp-content\/uploads\/2025\/11\/image-4-300x271.png 300w\" sizes=\"(max-width: 363px) 100vw, 363px\" \/><\/figure>\n\n\n\n<figure class=\"wp-block-image size-full\"><img loading=\"lazy\" width=\"438\" height=\"237\" src=\"http:\/\/fst.univ-djelfa.dz\/s\/wp-content\/uploads\/2025\/11\/image-5.png\" alt=\"\" class=\"wp-image-3450\" srcset=\"http:\/\/fst.univ-djelfa.dz\/s\/wp-content\/uploads\/2025\/11\/image-5.png 438w, http:\/\/fst.univ-djelfa.dz\/s\/wp-content\/uploads\/2025\/11\/image-5-300x162.png 300w\" sizes=\"(max-width: 438px) 100vw, 438px\" \/><\/figure>\n\n\n\n<figure class=\"wp-block-image size-full\"><img loading=\"lazy\" width=\"368\" height=\"278\" src=\"http:\/\/fst.univ-djelfa.dz\/s\/wp-content\/uploads\/2025\/11\/image-6.png\" alt=\"\" class=\"wp-image-3451\" srcset=\"http:\/\/fst.univ-djelfa.dz\/s\/wp-content\/uploads\/2025\/11\/image-6.png 368w, http:\/\/fst.univ-djelfa.dz\/s\/wp-content\/uploads\/2025\/11\/image-6-300x227.png 300w\" sizes=\"(max-width: 368px) 100vw, 368px\" \/><\/figure>\n\n\n\n<figure class=\"wp-block-image size-full\"><img loading=\"lazy\" width=\"380\" height=\"308\" src=\"http:\/\/fst.univ-djelfa.dz\/s\/wp-content\/uploads\/2025\/11\/image-7.png\" alt=\"\" class=\"wp-image-3452\" srcset=\"http:\/\/fst.univ-djelfa.dz\/s\/wp-content\/uploads\/2025\/11\/image-7.png 380w, http:\/\/fst.univ-djelfa.dz\/s\/wp-content\/uploads\/2025\/11\/image-7-300x243.png 300w\" sizes=\"(max-width: 380px) 100vw, 380px\" \/><\/figure>\n\n\n\n<figure class=\"wp-block-image size-full\"><img loading=\"lazy\" width=\"401\" height=\"369\" src=\"http:\/\/fst.univ-djelfa.dz\/s\/wp-content\/uploads\/2025\/11\/image-8.png\" alt=\"\" class=\"wp-image-3453\" srcset=\"http:\/\/fst.univ-djelfa.dz\/s\/wp-content\/uploads\/2025\/11\/image-8.png 401w, http:\/\/fst.univ-djelfa.dz\/s\/wp-content\/uploads\/2025\/11\/image-8-300x276.png 300w\" sizes=\"(max-width: 401px) 100vw, 401px\" \/><\/figure>\n\n\n\n<h3 class=\"has-text-align-center\"><strong>Contacts Secr\u00e9tariat<\/strong><\/h3>\n\n\n\n<p class=\"has-text-align-left\"><strong>Dr <\/strong><strong>Ismail Dif<\/strong><strong><\/strong><\/p>\n\n\n\n<p class=\"has-text-align-left\">Laboratoire d&#8217;Excellence<em>&nbsp;&nbsp;<\/em>d\u2019Automatique Appliqu\u00e9e et Diagnostic Industriel&nbsp; LAADI<br>Facult\u00e9 des Sciences et de la Technologie &#8211; FST &#8211;<br>Universit\u00e9 de Djelfa 17000 DZ, Alg\u00e9rie<br>Email :&nbsp;<a href=\"mailto:laadi@univ-djelfa.dz\"><u>laadi@univ-djelfa.dz<\/u><\/a>&nbsp;; <a href=\"mailto:i.dif@univ-djelfa.dz\"><u>i.dif@univ-djelfa.dz<\/u><\/a>&nbsp;<\/p>\n\n\n\n<h3>&nbsp;<\/h3>\n\n\n\n<h3><strong>&nbsp;<\/strong><\/h3>\n\n\n\n<h3><\/h3>\n\n\n\n<h3><\/h3>\n\n\n\n<p><\/p>\n\n\n\n<h3>&nbsp;<\/h3>\n\n\n\n<h3><strong>&nbsp;<\/strong><\/h3>\n\n\n\n<h3>&nbsp;<\/h3>\n","protected":false},"excerpt":{"rendered":"<p>Research &#8211; Development &#8211; Innovation &#8211; Research To Industry R2I Accueil L\u2019objectif&nbsp;principal des travaux de recherche du Laboratoire d\u2019Automatique Appliqu\u00e9e et Diagnostic Industriel LAADI est le d\u00e9veloppement et la validation de nouvelles techniques dites intelligentes pour l\u2019am\u00e9lioration des syst\u00e8mes de commande et de diagnostic dans les processus industriels complexes. La mission du Laboratoire d\u2019Automatique Appliqu\u00e9e &hellip;<\/p>\n<p class=\"read-more\"> <a class=\"\" href=\"http:\/\/fst.univ-djelfa.dz\/s\/?page_id=3430\"> <span class=\"screen-reader-text\">\u0645\u062e\u0627\u0628\u0631 \u0627\u0644\u0628\u062d\u062b<\/span> \u0642\u0631\u0627\u0621\u0629 \u0627\u0644\u0645\u0632\u064a\u062f &raquo;<\/a><\/p>\n","protected":false},"author":1,"featured_media":3445,"parent":0,"menu_order":0,"comment_status":"closed","ping_status":"closed","template":"","meta":{"site-sidebar-layout":"default","site-content-layout":"default","ast-global-header-display":"","ast-main-header-display":"","ast-hfb-above-header-display":"","ast-hfb-below-header-display":"","ast-hfb-mobile-header-display":"","site-post-title":"","ast-breadcrumbs-content":"","ast-featured-img":"","footer-sml-layout":"","theme-transparent-header-meta":"","adv-header-id-meta":"","stick-header-meta":"","header-above-stick-meta":"","header-main-stick-meta":"","header-below-stick-meta":""},"_links":{"self":[{"href":"http:\/\/fst.univ-djelfa.dz\/s\/index.php?rest_route=\/wp\/v2\/pages\/3430"}],"collection":[{"href":"http:\/\/fst.univ-djelfa.dz\/s\/index.php?rest_route=\/wp\/v2\/pages"}],"about":[{"href":"http:\/\/fst.univ-djelfa.dz\/s\/index.php?rest_route=\/wp\/v2\/types\/page"}],"author":[{"embeddable":true,"href":"http:\/\/fst.univ-djelfa.dz\/s\/index.php?rest_route=\/wp\/v2\/users\/1"}],"replies":[{"embeddable":true,"href":"http:\/\/fst.univ-djelfa.dz\/s\/index.php?rest_route=%2Fwp%2Fv2%2Fcomments&post=3430"}],"version-history":[{"count":8,"href":"http:\/\/fst.univ-djelfa.dz\/s\/index.php?rest_route=\/wp\/v2\/pages\/3430\/revisions"}],"predecessor-version":[{"id":3457,"href":"http:\/\/fst.univ-djelfa.dz\/s\/index.php?rest_route=\/wp\/v2\/pages\/3430\/revisions\/3457"}],"wp:featuredmedia":[{"embeddable":true,"href":"http:\/\/fst.univ-djelfa.dz\/s\/index.php?rest_route=\/wp\/v2\/media\/3445"}],"wp:attachment":[{"href":"http:\/\/fst.univ-djelfa.dz\/s\/index.php?rest_route=%2Fwp%2Fv2%2Fmedia&parent=3430"}],"curies":[{"name":"wp","href":"https:\/\/api.w.org\/{rel}","templated":true}]}}